{"id":94,"date":"2018-10-10T20:16:01","date_gmt":"2018-10-10T20:16:01","guid":{"rendered":"http:\/\/spradow2000.de\/?page_id=94"},"modified":"2018-10-10T20:19:03","modified_gmt":"2018-10-10T20:19:03","slug":"historie","status":"publish","type":"page","link":"https:\/\/spradow2000.de\/?page_id=94","title":{"rendered":"Historie"},"content":{"rendered":"<h1>Historie des Vereins<\/h1>\n<p>&nbsp;<\/p>\n<p><span style=\"color: #000000;\">Am 8. Februar 1999 trafen sich B\u00fcrgerinnen und B\u00fcrger im Caf\u00e9 im Feld, um eine erste Gespr\u00e4chsrunde zu einem m\u00f6glichen Dorfjubil\u00e4um in Sradow zu treffen. Das anstehende\u00a0<\/span><span style=\"color: #000000;\">850-j\u00e4hrige Bestehen des Ortsteiles Spradow sollte in einem Dorfgemeinschaftsfest geb\u00fchrend ge-w\u00fcrdigt werden. Erste Anregungen und Gedanken wurden er\u00f6rtert mit dem Ziel, diese in den in Spradow ans\u00e4ssigen Vereinen und Verb\u00e4nden zu vertiefen. Mit dem festen Vorsatz, die ge-fassten Gedanken und Ideen in einem Ortsteilfest umzusetzen, gingen die Gespr\u00e4chsteilnehmer auseinander. Die n\u00e4chste Zusammenkunft fand dann bereits am 12. April 1999 statt. Und hier konnten bereits konkrete Vorschl\u00e4ge zur Durchf\u00fchrung der Jubil\u00e4umsfeier diskutiert werden. Es erfolgten intensive Beratungen \u00fcber den Veranstaltungsort des Festes sowie einem ansprechen-den Rahmenprogramm. Auch die Kirchengemeinde sowie die Grundschule sicherten eine aktive Unterst\u00fctzung den Vorbereitungen und der Festdurchf\u00fchrung zu. Angeregt wurde die Gr\u00fcndung eines Vereins, um die Planungen und die Durchf\u00fchrung optimaler gestalten zu k\u00f6nnen. <\/span><\/p>\n<p>&nbsp;<\/p>\n<p><span style=\"color: #000000;\">Am 17. August 1999 wurde dann die Gr\u00fcndung eines Vereins mit dem Namen \u201eSpradow 2000 e.V.\u201c beschlossen. Ein erster Satzungsentwurf wurde vorgestellt. Den Termin der Gr\u00fcndungs-versammlung wurde auf den 26. Oktober 1999 festgelegt. An dieser Gr\u00fcndungsversammlung nahmen folgende Personen teil:<\/span><\/p>\n<p>&nbsp;<\/p>\n<p><span style=\"color: #000000;\">J\u00fcrgen B\u00fcscher, Horst Droese, Friedhelm Eickmann, Alexander Kr\u00f6ger, Reinhard Linke, Christian R\u00fcter, Uwe Linke-Stroebele, Harald Sauerwald, Egon Sewing, Thorsten Steinicke, Gerhard Thees, Karl-Heinz Uthoff und Horst Wibbeler. Die Vereine SPD Spradow, HSG Spradow, CDU Spradow, Jagdgenossenschaft Spradow, Feuerwehr B\u00fcnde-L\u00f6schzug Spradow sowie der Rasse-Gefl\u00fcgel-Zucht-Verein Spradow traten dem neuen Verein ebenfalls bei.<br \/>\n<\/span><\/p>\n<p>&nbsp;<\/p>\n<p><span style=\"color: #000000;\">Der erste Vorstand setzte sich wie folgt zusammen:<\/span><\/p>\n<p>&nbsp;<\/p>\n<p>&nbsp;<\/p>\n<p><span style=\"color: #000000;\">Vorsitzender: Gerhard Thees<\/span><\/p>\n<p><span style=\"color: #000000;\">Stellv. Vorsitzender: Horst Wibbeler<\/span><\/p>\n<p><span style=\"color: #000000;\">Schatzmeister: Harald Sauerwald<\/span><\/p>\n<p><span style=\"color: #000000;\">Stellv. Schatzmeister: Horst Droese<\/span><\/p>\n<p><span style=\"color: #000000;\">Schriftf\u00fchrer: Alexander Kr\u00f6ger<\/span><\/p>\n<p><span style=\"color: #000000;\">Beisitzer: Reinhard Linke, Karl-Heinz Uthoff, Thorsten Steinicke.<\/span><\/p>\n<p>&nbsp;<\/p>\n<p>&nbsp;<\/p>\n<p>&nbsp;<\/p>\n<p><span style=\"color: #000000;\">In der folgenden Zeit besch\u00e4ftigte sich der neue Verein intensiv mit der Vorbereitung des Dorf-gemeinschaftsfestes zum 850-j\u00e4hrigen Bestehen des Ortsteiles Spradow. Ein eigens <\/span><span style=\"color: #000000;\">geschaffener Arbeitskreis organisierte die Einzelveranstaltungen und den Gesamtablauf der Feierlichkeiten. <\/span><\/p>\n<p>&nbsp;<\/p>\n<p>&nbsp;<\/p>\n<p>&nbsp;<\/p>\n<p><img loading=\"lazy\" decoding=\"async\" id=\"12288530\" title=\"\" src=\"https:\/\/de-livepages.strato.com\/mediapool\/75\/752755\/resources\/12288530.jpg\" alt=\"\" width=\"600\" height=\"397\" border=\"0\" hspace=\"0\" data-fcksavedurl=\"\/mediapool\/75\/752755\/resources\/12288530.jpg\" \/><\/p>\n<p><span style=\"color: #000000;\">Dieser Arbeitskreis bestand aus den Mitgliedern:<br \/>\nG. Thees, R. Linke, R. Schr\u00f6er, H. Sauerwald, H. Wibbeler, A. Kr\u00f6ger, E. Sewing, J. B\u00fcscher, K.-H. Uthoff, H.W. Holthaus, U. Rompf und Chr. R\u00fcter (von links)<br \/>\n<\/span><\/p>\n<p><span style=\"color: #000000;\"><br \/>\nEs zeigte sich bereits bei den Vorbereitungen, dass diese Dorfgemeinschaft auf ein sehr gro\u00dfes Interesse aller Bev\u00f6lkerungsschichten stie\u00df. Die Dorfmitte, der Dorfplatz, wurde f\u00fcr\u00a0vier fr\u00f6hliche Tage zu einem Ort der Begegnung. Und so konnten auch die k\u00fchnsten Erwartungen der Orga-nisatoren \u00fcbertroffen werden. Noch heute stehen die Feierlichkeiten in sehr positiver Erinnerung. Ermutigt durch diesen Erfolg hat sich der \u201eF\u00f6rderverein Spradow 2000 e.V.\u201c inzwischen zu einer nicht mehr wegzudenkenden Institution in Spradow entwickelt. Mit einer Vielzahl von Veranstal-tungen hat er es verstanden, als Bindeglied zwischen den Vereinen und Einwohner\/innen zu fun-gieren. Und so soll es auch f\u00fcr die Zukunft bleiben. Der \u201eF\u00f6rderverein Spradow 2000 e.V.\u201c hat es sich zum Ziel gesetzt, \u00fcber alle Partei- und Vereinsgrenzen hinweg Gelegenheit zum Miteinander und der Gemeinsamkeit zu bieten. <\/span><\/p>\n","protected":false},"excerpt":{"rendered":"<p>Historie des Vereins &nbsp; Am 8. Februar 1999 trafen sich B\u00fcrgerinnen und B\u00fcrger im Caf\u00e9 im Feld, um eine erste Gespr\u00e4chsrunde zu einem m\u00f6glichen Dorfjubil\u00e4um in Sradow zu treffen. Das<\/p><\/div>\n<div class=\"blog-btn\"><a href=\"https:\/\/spradow2000.de\/?page_id=94\" class=\"home-blog-btn\">Weiterlesen<\/a><\/p>\n","protected":false},"author":1,"featured_media":0,"parent":0,"menu_order":0,"comment_status":"closed","ping_status":"closed","template":"","meta":{"footnotes":""},"class_list":["post-94","page","type-page","status-publish","hentry"],"jetpack_sharing_enabled":true,"jetpack_shortlink":"https:\/\/wp.me\/PaltBU-1w","_links":{"self":[{"href":"https:\/\/spradow2000.de\/index.php?rest_route=\/wp\/v2\/pages\/94","targetHints":{"allow":["GET"]}}],"collection":[{"href":"https:\/\/spradow2000.de\/index.php?rest_route=\/wp\/v2\/pages"}],"about":[{"href":"https:\/\/spradow2000.de\/index.php?rest_route=\/wp\/v2\/types\/page"}],"author":[{"embeddable":true,"href":"https:\/\/spradow2000.de\/index.php?rest_route=\/wp\/v2\/users\/1"}],"replies":[{"embeddable":true,"href":"https:\/\/spradow2000.de\/index.php?rest_route=%2Fwp%2Fv2%2Fcomments&post=94"}],"version-history":[{"count":3,"href":"https:\/\/spradow2000.de\/index.php?rest_route=\/wp\/v2\/pages\/94\/revisions"}],"predecessor-version":[{"id":104,"href":"https:\/\/spradow2000.de\/index.php?rest_route=\/wp\/v2\/pages\/94\/revisions\/104"}],"wp:attachment":[{"href":"https:\/\/spradow2000.de\/index.php?rest_route=%2Fwp%2Fv2%2Fmedia&parent=94"}],"curies":[{"name":"wp","href":"https:\/\/api.w.org\/{rel}","templated":true}]}}