{"id":60,"date":"2018-10-10T20:00:35","date_gmt":"2018-10-10T20:00:35","guid":{"rendered":"http:\/\/spradow2000.de\/?page_id=60"},"modified":"2024-07-29T18:40:46","modified_gmt":"2024-07-29T18:40:46","slug":"spradow2000","status":"publish","type":"page","link":"https:\/\/spradow2000.de\/","title":{"rendered":"Spradow2000"},"content":{"rendered":"\n<h1 class=\"has-text-align-center wp-block-heading\">Herzlich willkommen auf der Homepage des F\u00f6rdervereins Spradow 2000!<\/h1>\n\n\n\n<hr class=\"wp-block-separator\"\/>\n\n\n\n<h2 class=\"has-text-align-center wp-block-heading\">Wer sind wir?<\/h2>\n\n\n\n<p>Unser  Verein hat es sich zur Aufgabe gemacht, die Gemeinschaft in unserem sch\u00f6nen Dorf durch eine Vielzahl von Veranstaltungen und Aktivit\u00e4ten zu f\u00f6rdern und zu st\u00e4rken. Der gesellschaftliche Zusammenhalt liegt uns besonders am Herzen, und wir setzen uns leidenschaftlich daf\u00fcr ein, ein lebendiges und unterst\u00fctzendes Umfeld f\u00fcr alle Dorfbewohner zu schaffen.<\/p>\n\n\n\n<p><\/p>\n\n\n\n<p>Ob Fahrradtouren, Osterfeuer, Sommer- und Winterkonzerte, die Spradower Umwelttage oder die beliebte Spradower Weihnacht &#8211; unser Veranstaltungsprogramm bietet f\u00fcr jeden etwas. Gemeinsam erleben wir unvergessliche Momente und schaffen eine starke, verbundene Gemeinschaft.<\/p>\n\n\n\n<p><\/p>\n\n\n\n<p>Lasst uns gemeinsam die Tradition pflegen und die Zukunft unseres Spradows gestalten. Wir freuen uns auf eure Teilnahme und euer Engagement!<\/p>\n\n\n\n<p><strong>Schaut f\u00fcr weitere Informationen doch gerne in unserem Men\u00fc vorbei!<\/strong><\/p>\n","protected":false},"excerpt":{"rendered":"<p>Herzlich willkommen auf der Homepage des F\u00f6rdervereins Spradow 2000! Wer sind wir? Unser Verein hat es sich zur Aufgabe gemacht, die Gemeinschaft in unserem sch\u00f6nen Dorf durch eine Vielzahl von<\/p><\/div>\n<div class=\"blog-btn\"><a href=\"https:\/\/spradow2000.de\/\" class=\"home-blog-btn\">Weiterlesen<\/a><\/p>\n","protected":false},"author":1,"featured_media":0,"parent":0,"menu_order":0,"comment_status":"closed","ping_status":"closed","template":"","meta":{"footnotes":""},"class_list":["post-60","page","type-page","status-publish","hentry"],"jetpack_sharing_enabled":true,"jetpack_shortlink":"https:\/\/wp.me\/PaltBU-Y","_links":{"self":[{"href":"https:\/\/spradow2000.de\/index.php?rest_route=\/wp\/v2\/pages\/60","targetHints":{"allow":["GET"]}}],"collection":[{"href":"https:\/\/spradow2000.de\/index.php?rest_route=\/wp\/v2\/pages"}],"about":[{"href":"https:\/\/spradow2000.de\/index.php?rest_route=\/wp\/v2\/types\/page"}],"author":[{"embeddable":true,"href":"https:\/\/spradow2000.de\/index.php?rest_route=\/wp\/v2\/users\/1"}],"replies":[{"embeddable":true,"href":"https:\/\/spradow2000.de\/index.php?rest_route=%2Fwp%2Fv2%2Fcomments&post=60"}],"version-history":[{"count":18,"href":"https:\/\/spradow2000.de\/index.php?rest_route=\/wp\/v2\/pages\/60\/revisions"}],"predecessor-version":[{"id":3501,"href":"https:\/\/spradow2000.de\/index.php?rest_route=\/wp\/v2\/pages\/60\/revisions\/3501"}],"wp:attachment":[{"href":"https:\/\/spradow2000.de\/index.php?rest_route=%2Fwp%2Fv2%2Fmedia&parent=60"}],"curies":[{"name":"wp","href":"https:\/\/api.w.org\/{rel}","templated":true}]}}