{"id":59,"date":"2018-10-10T20:00:35","date_gmt":"2018-10-10T20:00:35","guid":{"rendered":"http:\/\/spradow2000.de\/?page_id=59"},"modified":"2023-01-16T12:43:17","modified_gmt":"2023-01-16T12:43:17","slug":"werbepartner","status":"publish","type":"page","link":"https:\/\/spradow2000.de\/?page_id=59","title":{"rendered":"Werbepartner"},"content":{"rendered":"<p>Bei unseren Veranstaltungen werden wir immer durch unterschiedliche Werbepartner unterst\u00fctzt.<\/p>\n<p>Ein gro\u00dfes Dankesch\u00f6n gilt folgenden Partnern:<\/p>\n<p><a href=\"http:\/\/www.cafe-im-feld.de\/\" target=\"_blank\" rel=\"noopener\"><img loading=\"lazy\" decoding=\"async\" class=\"alignleft wp-image-141 size-full\" src=\"http:\/\/spradow2000.de\/wp-content\/uploads\/2018\/10\/big_35874756_0_200-291.jpg\" alt=\"http:\/\/www.cafe-im-feld.de\/\" width=\"200\" height=\"291\" \/><\/a> <a href=\"https:\/\/fahrschule-buschmann.de\/\"><img loading=\"lazy\" decoding=\"async\" class=\"alignleft wp-image-136 size-medium\" src=\"http:\/\/spradow2000.de\/wp-content\/uploads\/2018\/10\/big_27650415_0_300-117-300x117.jpg\" alt=\"\" width=\"300\" height=\"117\" \/><\/a> <a href=\"http:\/\/www.knollmann.net\/\"><img loading=\"lazy\" decoding=\"async\" class=\"alignleft wp-image-135 size-medium\" src=\"http:\/\/spradow2000.de\/wp-content\/uploads\/2018\/10\/big_27650403_0_300-194-300x193.jpg\" alt=\"\" width=\"300\" height=\"193\" \/><\/a> <img loading=\"lazy\" decoding=\"async\" class=\"alignnone wp-image-2354 size-full\" src=\"http:\/\/spradow2000.de\/wp-content\/uploads\/2023\/01\/Screenshot-2022-09-01-at-18-08-35-BARRE-Privatbrauerei-Luebbecke.png\" alt=\"\" width=\"158\" height=\"153\" \/> <a href=\"https:\/\/www.siekmann-rohrbogen.de\/\"><img loading=\"lazy\" decoding=\"async\" class=\"alignleft wp-image-127 size-full\" src=\"http:\/\/spradow2000.de\/wp-content\/uploads\/2018\/10\/big_24837507_0_200-55.jpg\" alt=\"\" width=\"200\" height=\"54\" \/><\/a> <a href=\"https:\/\/www.deppermann-bekleidung.de\/\"><img loading=\"lazy\" decoding=\"async\" class=\"alignleft wp-image-129 size-medium\" src=\"http:\/\/spradow2000.de\/wp-content\/uploads\/2018\/10\/35873552-300x66.jpg\" alt=\"\" width=\"300\" height=\"66\" srcset=\"https:\/\/spradow2000.de\/wp-content\/uploads\/2018\/10\/35873552-300x66.jpg 300w, https:\/\/spradow2000.de\/wp-content\/uploads\/2018\/10\/35873552.jpg 377w\" sizes=\"auto, (max-width: 300px) 100vw, 300px\" \/><\/a> <a href=\"https:\/\/www.hsg-spradow.com\/\"><img loading=\"lazy\" decoding=\"async\" class=\"alignleft wp-image-130 size-full\" src=\"http:\/\/spradow2000.de\/wp-content\/uploads\/2018\/10\/35873667.jpg\" alt=\"\" width=\"215\" height=\"129\" \/><\/a><\/p>\n<p style=\"text-align: left;\">\n<p><a href=\"https:\/\/www.kirchengemeinde-spradow.de\/\"><img loading=\"lazy\" decoding=\"async\" class=\"alignleft wp-image-143 size-medium\" src=\"http:\/\/spradow2000.de\/wp-content\/uploads\/2018\/10\/Kirchengemeinde-Spradow-300x225.jpg\" alt=\"\" width=\"300\" height=\"225\" srcset=\"https:\/\/spradow2000.de\/wp-content\/uploads\/2018\/10\/Kirchengemeinde-Spradow-300x225.jpg 300w, https:\/\/spradow2000.de\/wp-content\/uploads\/2018\/10\/Kirchengemeinde-Spradow-768x576.jpg 768w, https:\/\/spradow2000.de\/wp-content\/uploads\/2018\/10\/Kirchengemeinde-Spradow-1024x768.jpg 1024w, https:\/\/spradow2000.de\/wp-content\/uploads\/2018\/10\/Kirchengemeinde-Spradow.jpg 1830w\" sizes=\"auto, (max-width: 300px) 100vw, 300px\" \/><\/a><\/p>\n","protected":false},"excerpt":{"rendered":"<p>Bei unseren Veranstaltungen werden wir immer durch unterschiedliche Werbepartner unterst\u00fctzt. Ein gro\u00dfes Dankesch\u00f6n gilt folgenden Partnern:<\/p>\n","protected":false},"author":1,"featured_media":0,"parent":0,"menu_order":0,"comment_status":"closed","ping_status":"closed","template":"","meta":{"footnotes":""},"class_list":["post-59","page","type-page","status-publish","hentry"],"jetpack_sharing_enabled":true,"jetpack_shortlink":"https:\/\/wp.me\/PaltBU-X","_links":{"self":[{"href":"https:\/\/spradow2000.de\/index.php?rest_route=\/wp\/v2\/pages\/59","targetHints":{"allow":["GET"]}}],"collection":[{"href":"https:\/\/spradow2000.de\/index.php?rest_route=\/wp\/v2\/pages"}],"about":[{"href":"https:\/\/spradow2000.de\/index.php?rest_route=\/wp\/v2\/types\/page"}],"author":[{"embeddable":true,"href":"https:\/\/spradow2000.de\/index.php?rest_route=\/wp\/v2\/users\/1"}],"replies":[{"embeddable":true,"href":"https:\/\/spradow2000.de\/index.php?rest_route=%2Fwp%2Fv2%2Fcomments&post=59"}],"version-history":[{"count":7,"href":"https:\/\/spradow2000.de\/index.php?rest_route=\/wp\/v2\/pages\/59\/revisions"}],"predecessor-version":[{"id":2356,"href":"https:\/\/spradow2000.de\/index.php?rest_route=\/wp\/v2\/pages\/59\/revisions\/2356"}],"wp:attachment":[{"href":"https:\/\/spradow2000.de\/index.php?rest_route=%2Fwp%2Fv2%2Fmedia&parent=59"}],"curies":[{"name":"wp","href":"https:\/\/api.w.org\/{rel}","templated":true}]}}