{"id":95,"date":"2018-10-10T20:16:01","date_gmt":"2018-10-10T20:16:01","guid":{"rendered":"http:\/\/spradow2000.de\/?page_id=95"},"modified":"2024-07-29T16:57:52","modified_gmt":"2024-07-29T16:57:52","slug":"unsere-heimat","status":"publish","type":"page","link":"http:\/\/spradow2000.de\/?page_id=95","title":{"rendered":"Unsere Heimat!"},"content":{"rendered":"<h3>Unsere Heimat<\/h3>\n<h3>Spradow in der Vergangenheit<\/h3>\n<p><span style=\"color: #000000;\">Bei uns findet ihr eine Chronik \u00fcber die Jahre von Spradow, die von Rainer Schr\u00f6er erstellt wurde.<\/span><\/p>\n<p>Um in den Genuss zu kommen, die Chronik jederzeit betrachten zu k\u00f6nnen, m\u00fcsst ihr lediglich den Adobe Acrobat Reader installiert haben und auf den unten stehenden Button klicken.<\/p>\n<p><span style=\"color: #000000;\"><br \/>\nAnsonsten w\u00fcnschen wir euch viel Spa\u00df bei der Betrachtung und hoffen, euch auf einer unserer n\u00e4chsten Veranstaltungen begr\u00fc\u00dfen zu d\u00fcrfen. <\/span><\/p>\n<p style=\"text-align: center;\"><a href=\"http:\/\/spradow2000.de\/wp-content\/uploads\/2018\/10\/chronik.pdf\">Chronik Spradow<\/a><\/p>\n<p><center><\/center><\/p>\n","protected":false},"excerpt":{"rendered":"<p>Unsere Heimat Spradow in der Vergangenheit Bei uns findet ihr eine Chronik \u00fcber die Jahre von Spradow, die von Rainer Schr\u00f6er erstellt wurde. Um in den Genuss zu kommen, die<\/p><\/div>\n<div class=\"blog-btn\"><a href=\"http:\/\/spradow2000.de\/?page_id=95\" class=\"home-blog-btn\">Weiterlesen<\/a><\/p>\n","protected":false},"author":1,"featured_media":0,"parent":0,"menu_order":0,"comment_status":"closed","ping_status":"closed","template":"","meta":{"footnotes":""},"class_list":["post-95","page","type-page","status-publish","hentry"],"jetpack_sharing_enabled":true,"jetpack_shortlink":"https:\/\/wp.me\/PaltBU-1x","_links":{"self":[{"href":"http:\/\/spradow2000.de\/index.php?rest_route=\/wp\/v2\/pages\/95","targetHints":{"allow":["GET"]}}],"collection":[{"href":"http:\/\/spradow2000.de\/index.php?rest_route=\/wp\/v2\/pages"}],"about":[{"href":"http:\/\/spradow2000.de\/index.php?rest_route=\/wp\/v2\/types\/page"}],"author":[{"embeddable":true,"href":"http:\/\/spradow2000.de\/index.php?rest_route=\/wp\/v2\/users\/1"}],"replies":[{"embeddable":true,"href":"http:\/\/spradow2000.de\/index.php?rest_route=%2Fwp%2Fv2%2Fcomments&post=95"}],"version-history":[{"count":3,"href":"http:\/\/spradow2000.de\/index.php?rest_route=\/wp\/v2\/pages\/95\/revisions"}],"predecessor-version":[{"id":3498,"href":"http:\/\/spradow2000.de\/index.php?rest_route=\/wp\/v2\/pages\/95\/revisions\/3498"}],"wp:attachment":[{"href":"http:\/\/spradow2000.de\/index.php?rest_route=%2Fwp%2Fv2%2Fmedia&parent=95"}],"curies":[{"name":"wp","href":"https:\/\/api.w.org\/{rel}","templated":true}]}}