{"id":62,"date":"2018-10-10T20:00:35","date_gmt":"2018-10-10T20:00:35","guid":{"rendered":"http:\/\/spradow2000.de\/?page_id=62"},"modified":"2024-11-14T16:51:14","modified_gmt":"2024-11-14T16:51:14","slug":"geschaeftsordnung","status":"publish","type":"page","link":"http:\/\/spradow2000.de\/?page_id=62","title":{"rendered":"Gesch\u00e4ftsordnung"},"content":{"rendered":"<p>Hier finden Sie unsere Gesch\u00e4ftsordnung des F\u00f6rderverein Spradow2000 e.V.<\/p>\n<p style=\"text-align: center;\"><a href=\"http:\/\/spradow2000.de\/wp-content\/uploads\/2018\/10\/Gesch\u00e4ftsordnung.pdf\"><strong>Gesch\u00e4ftsordnung<\/strong><\/a><\/p>\n","protected":false},"excerpt":{"rendered":"<p>Hier finden Sie unsere Gesch\u00e4ftsordnung des F\u00f6rderverein Spradow2000 e.V. Gesch\u00e4ftsordnung<\/p>\n","protected":false},"author":1,"featured_media":0,"parent":3388,"menu_order":0,"comment_status":"closed","ping_status":"closed","template":"","meta":{"footnotes":""},"class_list":["post-62","page","type-page","status-publish","hentry"],"jetpack_sharing_enabled":true,"jetpack_shortlink":"https:\/\/wp.me\/PaltBU-10","_links":{"self":[{"href":"http:\/\/spradow2000.de\/index.php?rest_route=\/wp\/v2\/pages\/62","targetHints":{"allow":["GET"]}}],"collection":[{"href":"http:\/\/spradow2000.de\/index.php?rest_route=\/wp\/v2\/pages"}],"about":[{"href":"http:\/\/spradow2000.de\/index.php?rest_route=\/wp\/v2\/types\/page"}],"author":[{"embeddable":true,"href":"http:\/\/spradow2000.de\/index.php?rest_route=\/wp\/v2\/users\/1"}],"replies":[{"embeddable":true,"href":"http:\/\/spradow2000.de\/index.php?rest_route=%2Fwp%2Fv2%2Fcomments&post=62"}],"version-history":[{"count":3,"href":"http:\/\/spradow2000.de\/index.php?rest_route=\/wp\/v2\/pages\/62\/revisions"}],"predecessor-version":[{"id":3474,"href":"http:\/\/spradow2000.de\/index.php?rest_route=\/wp\/v2\/pages\/62\/revisions\/3474"}],"up":[{"embeddable":true,"href":"http:\/\/spradow2000.de\/index.php?rest_route=\/wp\/v2\/pages\/3388"}],"wp:attachment":[{"href":"http:\/\/spradow2000.de\/index.php?rest_route=%2Fwp%2Fv2%2Fmedia&parent=62"}],"curies":[{"name":"wp","href":"https:\/\/api.w.org\/{rel}","templated":true}]}}